{"id":40,"date":"2012-11-15T10:14:12","date_gmt":"2012-11-15T10:14:12","guid":{"rendered":""},"modified":"2026-02-09T14:21:53","modified_gmt":"2026-02-09T13:21:53","slug":"leer-juntos","status":"publish","type":"page","link":"https:\/\/cpsantocristodesantiago.catedu.es\/?page_id=40","title":{"rendered":"Leer juntos"},"content":{"rendered":"<p><!--?xml version=\"1.0\" encoding=\"UTF-8\"?-->Desde hace unos a\u00f1os, nuestro centro participa en el programa \u00abLeer juntos\u00bb, que tiene como finalidad la mejora de las competencias clave, principalmente las competencias ling\u00fc\u00edstica y comunicativa, as\u00ed como desarrollar el gusto por la lectura y la participaci\u00f3n conjunta de los miembros de diferentes sectores de la comunidad educativa, dando un papel activo a la biblioteca escolar.<\/p>\n","protected":false},"excerpt":{"rendered":"<p>Desde hace unos a\u00f1os, nuestro centro participa en el programa \u00abLeer juntos\u00bb, que tiene como finalidad la mejora de las competencias clave, principalmente las competencias ling\u00fc\u00edstica y comunicativa, as\u00ed como desarrollar el gusto por la lectura y la participaci\u00f3n conjunta de los miembros de diferentes sectores de la comunidad educativa, dando un papel activo a &hellip; <\/p>\n<p><a class=\"more-link btn\" href=\"https:\/\/cpsantocristodesantiago.catedu.es\/?page_id=40\">Seguir leyendo<\/a><\/p>\n","protected":false},"author":603,"featured_media":0,"parent":0,"menu_order":0,"comment_status":"closed","ping_status":"closed","template":"","meta":{"_uag_custom_page_level_css":"","_monsterinsights_skip_tracking":false,"_monsterinsights_sitenote_active":false,"_monsterinsights_sitenote_note":"","_monsterinsights_sitenote_category":0,"footnotes":""},"class_list":["post-40","page","type-page","status-publish","hentry","nodate","item-wrap"],"uagb_featured_image_src":{"full":false,"thumbnail":false,"medium":false,"medium_large":false,"large":false,"1536x1536":false,"2048x2048":false,"graphene_slider":false,"graphene_featured_image":false,"graphene-homepage-pane":false,"post-thumbnail":false},"uagb_author_info":{"display_name":"Juanjo","author_link":"https:\/\/cpsantocristodesantiago.catedu.es\/?author=603"},"uagb_comment_info":0,"uagb_excerpt":"Desde hace unos a\u00f1os, nuestro centro participa en el programa \u00abLeer juntos\u00bb, que tiene como finalidad la mejora de las competencias clave, principalmente las competencias ling\u00fc\u00edstica y comunicativa, as\u00ed como desarrollar el gusto por la lectura y la participaci\u00f3n conjunta de los miembros de diferentes sectores de la comunidad educativa, dando un papel activo a&hellip;","_links":{"self":[{"href":"https:\/\/cpsantocristodesantiago.catedu.es\/index.php?rest_route=\/wp\/v2\/pages\/40","targetHints":{"allow":["GET"]}}],"collection":[{"href":"https:\/\/cpsantocristodesantiago.catedu.es\/index.php?rest_route=\/wp\/v2\/pages"}],"about":[{"href":"https:\/\/cpsantocristodesantiago.catedu.es\/index.php?rest_route=\/wp\/v2\/types\/page"}],"author":[{"embeddable":true,"href":"https:\/\/cpsantocristodesantiago.catedu.es\/index.php?rest_route=\/wp\/v2\/users\/603"}],"replies":[{"embeddable":true,"href":"https:\/\/cpsantocristodesantiago.catedu.es\/index.php?rest_route=%2Fwp%2Fv2%2Fcomments&post=40"}],"version-history":[{"count":1,"href":"https:\/\/cpsantocristodesantiago.catedu.es\/index.php?rest_route=\/wp\/v2\/pages\/40\/revisions"}],"predecessor-version":[{"id":1115,"href":"https:\/\/cpsantocristodesantiago.catedu.es\/index.php?rest_route=\/wp\/v2\/pages\/40\/revisions\/1115"}],"wp:attachment":[{"href":"https:\/\/cpsantocristodesantiago.catedu.es\/index.php?rest_route=%2Fwp%2Fv2%2Fmedia&parent=40"}],"curies":[{"name":"wp","href":"https:\/\/api.w.org\/{rel}","templated":true}]}}