{"id":30,"date":"2012-11-15T10:14:12","date_gmt":"2012-11-15T10:14:12","guid":{"rendered":""},"modified":"2026-02-09T15:08:31","modified_gmt":"2026-02-09T14:08:31","slug":"oferta-educativa","status":"publish","type":"page","link":"https:\/\/cpsantocristodesantiago.catedu.es\/?page_id=30","title":{"rendered":"Oferta educativa"},"content":{"rendered":"<p><!--?xml version=\"1.0\" encoding=\"UTF-8\"?--><\/p>\n<p><a href=\"https:\/\/cpsantocristodesantiago.catedu.es\/wp-content\/uploads\/sites\/180\/2012\/11\/vinias_poda.jpg\"><img loading=\"lazy\" decoding=\"async\" class=\"alignnone  wp-image-206\" src=\"https:\/\/cpsantocristodesantiago.catedu.es\/wp-content\/uploads\/sites\/180\/2012\/11\/vinias_poda.jpg\" alt=\"vinias_poda\" width=\"426\" height=\"299\" \/><\/a><\/p>\n<p style=\"text-align: justify;\"><span style=\"font-size: 14pt;\">El centro oferta ense\u00f1anzas de 2\u00ba ciclo de Educaci\u00f3n Infantil y Primaria.<\/span><\/p>\n<p style=\"text-align: justify;\"><span style=\"font-size: 14pt;\">Contamos con una plantilla completa de profesores, con maestros especialistas en educaci\u00f3n f\u00edsica, m\u00fasica, ingl\u00e9s, audici\u00f3n y lenguaje y pedagog\u00eda terap\u00e9utica, que garantiza una ense\u00f1anza p\u00fablica de calidad.<\/span><\/p>\n<p style=\"text-align: justify;\">\n","protected":false},"excerpt":{"rendered":"<p>El centro oferta ense\u00f1anzas de 2\u00ba ciclo de Educaci\u00f3n Infantil y Primaria. Contamos con una plantilla completa de profesores, con maestros especialistas en educaci\u00f3n f\u00edsica, m\u00fasica, ingl\u00e9s, audici\u00f3n y lenguaje y pedagog\u00eda terap\u00e9utica, que garantiza una ense\u00f1anza p\u00fablica de calidad.<\/p>\n","protected":false},"author":603,"featured_media":0,"parent":0,"menu_order":0,"comment_status":"closed","ping_status":"closed","template":"","meta":{"_monsterinsights_skip_tracking":false,"_monsterinsights_sitenote_active":false,"_monsterinsights_sitenote_note":"","_monsterinsights_sitenote_category":0,"footnotes":""},"class_list":["post-30","page","type-page","status-publish","hentry","nodate","item-wrap"],"_links":{"self":[{"href":"https:\/\/cpsantocristodesantiago.catedu.es\/index.php?rest_route=\/wp\/v2\/pages\/30","targetHints":{"allow":["GET"]}}],"collection":[{"href":"https:\/\/cpsantocristodesantiago.catedu.es\/index.php?rest_route=\/wp\/v2\/pages"}],"about":[{"href":"https:\/\/cpsantocristodesantiago.catedu.es\/index.php?rest_route=\/wp\/v2\/types\/page"}],"author":[{"embeddable":true,"href":"https:\/\/cpsantocristodesantiago.catedu.es\/index.php?rest_route=\/wp\/v2\/users\/603"}],"replies":[{"embeddable":true,"href":"https:\/\/cpsantocristodesantiago.catedu.es\/index.php?rest_route=%2Fwp%2Fv2%2Fcomments&post=30"}],"version-history":[{"count":2,"href":"https:\/\/cpsantocristodesantiago.catedu.es\/index.php?rest_route=\/wp\/v2\/pages\/30\/revisions"}],"predecessor-version":[{"id":1125,"href":"https:\/\/cpsantocristodesantiago.catedu.es\/index.php?rest_route=\/wp\/v2\/pages\/30\/revisions\/1125"}],"wp:attachment":[{"href":"https:\/\/cpsantocristodesantiago.catedu.es\/index.php?rest_route=%2Fwp%2Fv2%2Fmedia&parent=30"}],"curies":[{"name":"wp","href":"https:\/\/api.w.org\/{rel}","templated":true}]}}