{"id":17,"date":"2012-11-15T10:14:12","date_gmt":"2012-11-15T10:14:12","guid":{"rendered":"http:\/\/cpsantocristodesantiago.catedu.es\/?page_id=17"},"modified":"2024-11-22T10:05:26","modified_gmt":"2024-11-22T09:05:26","slug":"bienvenido-a-la-web-del-centro","status":"publish","type":"page","link":"https:\/\/cpsantocristodesantiago.catedu.es\/","title":{"rendered":"NUESTRO CENTRO"},"content":{"rendered":"\n<figure class=\"wp-block-gallery has-nested-images columns-3 is-cropped wp-block-gallery-1 is-layout-flex wp-block-gallery-is-layout-flex\">\n<figure class=\"wp-block-image size-large\"><img loading=\"lazy\" decoding=\"async\" width=\"2560\" height=\"1920\" data-id=\"651\" src=\"https:\/\/cpsantocristodesantiago.catedu.es\/wp-content\/uploads\/sites\/180\/2022\/03\/IMG_20220330_125939-scaled.jpg\" alt=\"\" class=\"wp-image-651\" srcset=\"https:\/\/cpsantocristodesantiago.catedu.es\/wp-content\/uploads\/sites\/180\/2022\/03\/IMG_20220330_125939-scaled.jpg 2560w, https:\/\/cpsantocristodesantiago.catedu.es\/wp-content\/uploads\/sites\/180\/2022\/03\/IMG_20220330_125939-300x225.jpg 300w, https:\/\/cpsantocristodesantiago.catedu.es\/wp-content\/uploads\/sites\/180\/2022\/03\/IMG_20220330_125939-1024x768.jpg 1024w, https:\/\/cpsantocristodesantiago.catedu.es\/wp-content\/uploads\/sites\/180\/2022\/03\/IMG_20220330_125939-768x576.jpg 768w, https:\/\/cpsantocristodesantiago.catedu.es\/wp-content\/uploads\/sites\/180\/2022\/03\/IMG_20220330_125939-1536x1152.jpg 1536w, https:\/\/cpsantocristodesantiago.catedu.es\/wp-content\/uploads\/sites\/180\/2022\/03\/IMG_20220330_125939-2048x1536.jpg 2048w, https:\/\/cpsantocristodesantiago.catedu.es\/wp-content\/uploads\/sites\/180\/2022\/03\/IMG_20220330_125939-847x635.jpg 847w\" sizes=\"auto, (max-width: 2560px) 100vw, 2560px\" \/><\/figure>\n\n\n\n<figure class=\"wp-block-image size-large\"><img loading=\"lazy\" decoding=\"async\" width=\"2560\" height=\"1920\" data-id=\"652\" src=\"https:\/\/cpsantocristodesantiago.catedu.es\/wp-content\/uploads\/sites\/180\/2022\/03\/IMG_20220330_125114-scaled.jpg\" alt=\"\" class=\"wp-image-652\" srcset=\"https:\/\/cpsantocristodesantiago.catedu.es\/wp-content\/uploads\/sites\/180\/2022\/03\/IMG_20220330_125114-scaled.jpg 2560w, https:\/\/cpsantocristodesantiago.catedu.es\/wp-content\/uploads\/sites\/180\/2022\/03\/IMG_20220330_125114-300x225.jpg 300w, https:\/\/cpsantocristodesantiago.catedu.es\/wp-content\/uploads\/sites\/180\/2022\/03\/IMG_20220330_125114-1024x768.jpg 1024w, https:\/\/cpsantocristodesantiago.catedu.es\/wp-content\/uploads\/sites\/180\/2022\/03\/IMG_20220330_125114-768x576.jpg 768w, https:\/\/cpsantocristodesantiago.catedu.es\/wp-content\/uploads\/sites\/180\/2022\/03\/IMG_20220330_125114-1536x1152.jpg 1536w, https:\/\/cpsantocristodesantiago.catedu.es\/wp-content\/uploads\/sites\/180\/2022\/03\/IMG_20220330_125114-2048x1536.jpg 2048w, https:\/\/cpsantocristodesantiago.catedu.es\/wp-content\/uploads\/sites\/180\/2022\/03\/IMG_20220330_125114-847x635.jpg 847w\" sizes=\"auto, (max-width: 2560px) 100vw, 2560px\" \/><\/figure>\n\n\n\n<figure class=\"wp-block-image size-large\"><img loading=\"lazy\" decoding=\"async\" width=\"2560\" height=\"1920\" data-id=\"653\" src=\"https:\/\/cpsantocristodesantiago.catedu.es\/wp-content\/uploads\/sites\/180\/2022\/03\/IMG_20220330_125145-scaled.jpg\" alt=\"\" class=\"wp-image-653\" srcset=\"https:\/\/cpsantocristodesantiago.catedu.es\/wp-content\/uploads\/sites\/180\/2022\/03\/IMG_20220330_125145-scaled.jpg 2560w, https:\/\/cpsantocristodesantiago.catedu.es\/wp-content\/uploads\/sites\/180\/2022\/03\/IMG_20220330_125145-300x225.jpg 300w, https:\/\/cpsantocristodesantiago.catedu.es\/wp-content\/uploads\/sites\/180\/2022\/03\/IMG_20220330_125145-1024x768.jpg 1024w, https:\/\/cpsantocristodesantiago.catedu.es\/wp-content\/uploads\/sites\/180\/2022\/03\/IMG_20220330_125145-768x576.jpg 768w, https:\/\/cpsantocristodesantiago.catedu.es\/wp-content\/uploads\/sites\/180\/2022\/03\/IMG_20220330_125145-1536x1152.jpg 1536w, https:\/\/cpsantocristodesantiago.catedu.es\/wp-content\/uploads\/sites\/180\/2022\/03\/IMG_20220330_125145-2048x1536.jpg 2048w, https:\/\/cpsantocristodesantiago.catedu.es\/wp-content\/uploads\/sites\/180\/2022\/03\/IMG_20220330_125145-847x635.jpg 847w\" sizes=\"auto, (max-width: 2560px) 100vw, 2560px\" \/><\/figure>\n\n\n\n<figure class=\"wp-block-image size-large\"><img loading=\"lazy\" decoding=\"async\" width=\"2560\" height=\"1920\" data-id=\"654\" src=\"https:\/\/cpsantocristodesantiago.catedu.es\/wp-content\/uploads\/sites\/180\/2022\/03\/IMG_20220330_125352-scaled.jpg\" alt=\"\" class=\"wp-image-654\" srcset=\"https:\/\/cpsantocristodesantiago.catedu.es\/wp-content\/uploads\/sites\/180\/2022\/03\/IMG_20220330_125352-scaled.jpg 2560w, https:\/\/cpsantocristodesantiago.catedu.es\/wp-content\/uploads\/sites\/180\/2022\/03\/IMG_20220330_125352-300x225.jpg 300w, https:\/\/cpsantocristodesantiago.catedu.es\/wp-content\/uploads\/sites\/180\/2022\/03\/IMG_20220330_125352-1024x768.jpg 1024w, https:\/\/cpsantocristodesantiago.catedu.es\/wp-content\/uploads\/sites\/180\/2022\/03\/IMG_20220330_125352-768x576.jpg 768w, https:\/\/cpsantocristodesantiago.catedu.es\/wp-content\/uploads\/sites\/180\/2022\/03\/IMG_20220330_125352-1536x1152.jpg 1536w, https:\/\/cpsantocristodesantiago.catedu.es\/wp-content\/uploads\/sites\/180\/2022\/03\/IMG_20220330_125352-2048x1536.jpg 2048w, https:\/\/cpsantocristodesantiago.catedu.es\/wp-content\/uploads\/sites\/180\/2022\/03\/IMG_20220330_125352-847x635.jpg 847w\" sizes=\"auto, (max-width: 2560px) 100vw, 2560px\" \/><\/figure>\n\n\n\n<figure class=\"wp-block-image size-large\"><img loading=\"lazy\" decoding=\"async\" width=\"2560\" height=\"1920\" data-id=\"655\" src=\"https:\/\/cpsantocristodesantiago.catedu.es\/wp-content\/uploads\/sites\/180\/2022\/03\/IMG_20220330_130413-scaled.jpg\" alt=\"\" class=\"wp-image-655\" srcset=\"https:\/\/cpsantocristodesantiago.catedu.es\/wp-content\/uploads\/sites\/180\/2022\/03\/IMG_20220330_130413-scaled.jpg 2560w, https:\/\/cpsantocristodesantiago.catedu.es\/wp-content\/uploads\/sites\/180\/2022\/03\/IMG_20220330_130413-300x225.jpg 300w, https:\/\/cpsantocristodesantiago.catedu.es\/wp-content\/uploads\/sites\/180\/2022\/03\/IMG_20220330_130413-1024x768.jpg 1024w, https:\/\/cpsantocristodesantiago.catedu.es\/wp-content\/uploads\/sites\/180\/2022\/03\/IMG_20220330_130413-768x576.jpg 768w, https:\/\/cpsantocristodesantiago.catedu.es\/wp-content\/uploads\/sites\/180\/2022\/03\/IMG_20220330_130413-1536x1152.jpg 1536w, https:\/\/cpsantocristodesantiago.catedu.es\/wp-content\/uploads\/sites\/180\/2022\/03\/IMG_20220330_130413-2048x1536.jpg 2048w, https:\/\/cpsantocristodesantiago.catedu.es\/wp-content\/uploads\/sites\/180\/2022\/03\/IMG_20220330_130413-847x635.jpg 847w\" sizes=\"auto, (max-width: 2560px) 100vw, 2560px\" \/><\/figure>\n\n\n\n<figure class=\"wp-block-image size-large\"><img loading=\"lazy\" decoding=\"async\" width=\"2560\" height=\"1920\" data-id=\"656\" src=\"https:\/\/cpsantocristodesantiago.catedu.es\/wp-content\/uploads\/sites\/180\/2022\/03\/IMG_20220330_130911-scaled.jpg\" alt=\"\" class=\"wp-image-656\" srcset=\"https:\/\/cpsantocristodesantiago.catedu.es\/wp-content\/uploads\/sites\/180\/2022\/03\/IMG_20220330_130911-scaled.jpg 2560w, https:\/\/cpsantocristodesantiago.catedu.es\/wp-content\/uploads\/sites\/180\/2022\/03\/IMG_20220330_130911-300x225.jpg 300w, https:\/\/cpsantocristodesantiago.catedu.es\/wp-content\/uploads\/sites\/180\/2022\/03\/IMG_20220330_130911-1024x768.jpg 1024w, https:\/\/cpsantocristodesantiago.catedu.es\/wp-content\/uploads\/sites\/180\/2022\/03\/IMG_20220330_130911-768x576.jpg 768w, https:\/\/cpsantocristodesantiago.catedu.es\/wp-content\/uploads\/sites\/180\/2022\/03\/IMG_20220330_130911-1536x1152.jpg 1536w, https:\/\/cpsantocristodesantiago.catedu.es\/wp-content\/uploads\/sites\/180\/2022\/03\/IMG_20220330_130911-2048x1536.jpg 2048w, https:\/\/cpsantocristodesantiago.catedu.es\/wp-content\/uploads\/sites\/180\/2022\/03\/IMG_20220330_130911-847x635.jpg 847w\" sizes=\"auto, (max-width: 2560px) 100vw, 2560px\" \/><\/figure>\n\n\n\n<figure class=\"wp-block-image size-large\"><img loading=\"lazy\" decoding=\"async\" width=\"2000\" height=\"1500\" data-id=\"657\" src=\"https:\/\/cpsantocristodesantiago.catedu.es\/wp-content\/uploads\/sites\/180\/2022\/03\/IMG-20220330-WA0005.jpg\" alt=\"\" class=\"wp-image-657\" srcset=\"https:\/\/cpsantocristodesantiago.catedu.es\/wp-content\/uploads\/sites\/180\/2022\/03\/IMG-20220330-WA0005.jpg 2000w, https:\/\/cpsantocristodesantiago.catedu.es\/wp-content\/uploads\/sites\/180\/2022\/03\/IMG-20220330-WA0005-300x225.jpg 300w, https:\/\/cpsantocristodesantiago.catedu.es\/wp-content\/uploads\/sites\/180\/2022\/03\/IMG-20220330-WA0005-1024x768.jpg 1024w, https:\/\/cpsantocristodesantiago.catedu.es\/wp-content\/uploads\/sites\/180\/2022\/03\/IMG-20220330-WA0005-768x576.jpg 768w, https:\/\/cpsantocristodesantiago.catedu.es\/wp-content\/uploads\/sites\/180\/2022\/03\/IMG-20220330-WA0005-1536x1152.jpg 1536w, https:\/\/cpsantocristodesantiago.catedu.es\/wp-content\/uploads\/sites\/180\/2022\/03\/IMG-20220330-WA0005-847x635.jpg 847w\" sizes=\"auto, (max-width: 2000px) 100vw, 2000px\" \/><\/figure>\n\n\n\n<figure class=\"wp-block-image size-large\"><img loading=\"lazy\" decoding=\"async\" width=\"2000\" height=\"1500\" data-id=\"658\" src=\"https:\/\/cpsantocristodesantiago.catedu.es\/wp-content\/uploads\/sites\/180\/2022\/03\/IMG-20220330-WA0007.jpg\" alt=\"\" class=\"wp-image-658\" srcset=\"https:\/\/cpsantocristodesantiago.catedu.es\/wp-content\/uploads\/sites\/180\/2022\/03\/IMG-20220330-WA0007.jpg 2000w, https:\/\/cpsantocristodesantiago.catedu.es\/wp-content\/uploads\/sites\/180\/2022\/03\/IMG-20220330-WA0007-300x225.jpg 300w, https:\/\/cpsantocristodesantiago.catedu.es\/wp-content\/uploads\/sites\/180\/2022\/03\/IMG-20220330-WA0007-1024x768.jpg 1024w, https:\/\/cpsantocristodesantiago.catedu.es\/wp-content\/uploads\/sites\/180\/2022\/03\/IMG-20220330-WA0007-768x576.jpg 768w, https:\/\/cpsantocristodesantiago.catedu.es\/wp-content\/uploads\/sites\/180\/2022\/03\/IMG-20220330-WA0007-1536x1152.jpg 1536w, https:\/\/cpsantocristodesantiago.catedu.es\/wp-content\/uploads\/sites\/180\/2022\/03\/IMG-20220330-WA0007-847x635.jpg 847w\" sizes=\"auto, (max-width: 2000px) 100vw, 2000px\" \/><\/figure>\n\n\n\n<figure class=\"wp-block-image size-large\"><img loading=\"lazy\" decoding=\"async\" width=\"2000\" height=\"1500\" data-id=\"659\" src=\"https:\/\/cpsantocristodesantiago.catedu.es\/wp-content\/uploads\/sites\/180\/2022\/03\/IMG-20220330-WA0008.jpg\" alt=\"\" class=\"wp-image-659\" srcset=\"https:\/\/cpsantocristodesantiago.catedu.es\/wp-content\/uploads\/sites\/180\/2022\/03\/IMG-20220330-WA0008.jpg 2000w, https:\/\/cpsantocristodesantiago.catedu.es\/wp-content\/uploads\/sites\/180\/2022\/03\/IMG-20220330-WA0008-300x225.jpg 300w, https:\/\/cpsantocristodesantiago.catedu.es\/wp-content\/uploads\/sites\/180\/2022\/03\/IMG-20220330-WA0008-1024x768.jpg 1024w, https:\/\/cpsantocristodesantiago.catedu.es\/wp-content\/uploads\/sites\/180\/2022\/03\/IMG-20220330-WA0008-768x576.jpg 768w, https:\/\/cpsantocristodesantiago.catedu.es\/wp-content\/uploads\/sites\/180\/2022\/03\/IMG-20220330-WA0008-1536x1152.jpg 1536w, https:\/\/cpsantocristodesantiago.catedu.es\/wp-content\/uploads\/sites\/180\/2022\/03\/IMG-20220330-WA0008-847x635.jpg 847w\" sizes=\"auto, (max-width: 2000px) 100vw, 2000px\" \/><\/figure>\n\n\n\n<figure class=\"wp-block-image size-large\"><img decoding=\"async\" data-id=\"660\" src=\"https:\/\/cpsantocristodesantiago.catedu.es\/wp-content\/uploads\/sites\/180\/2022\/03\/IMG-20220330-WA0012.jpg\" alt=\"\" class=\"wp-image-660\"\/><\/figure>\n\n\n\n<figure class=\"wp-block-image size-large\"><img loading=\"lazy\" decoding=\"async\" width=\"2000\" height=\"1500\" data-id=\"661\" src=\"https:\/\/cpsantocristodesantiago.catedu.es\/wp-content\/uploads\/sites\/180\/2022\/03\/IMG-20220330-WA0014.jpg\" alt=\"\" class=\"wp-image-661\" srcset=\"https:\/\/cpsantocristodesantiago.catedu.es\/wp-content\/uploads\/sites\/180\/2022\/03\/IMG-20220330-WA0014.jpg 2000w, https:\/\/cpsantocristodesantiago.catedu.es\/wp-content\/uploads\/sites\/180\/2022\/03\/IMG-20220330-WA0014-300x225.jpg 300w, https:\/\/cpsantocristodesantiago.catedu.es\/wp-content\/uploads\/sites\/180\/2022\/03\/IMG-20220330-WA0014-1024x768.jpg 1024w, https:\/\/cpsantocristodesantiago.catedu.es\/wp-content\/uploads\/sites\/180\/2022\/03\/IMG-20220330-WA0014-768x576.jpg 768w, https:\/\/cpsantocristodesantiago.catedu.es\/wp-content\/uploads\/sites\/180\/2022\/03\/IMG-20220330-WA0014-1536x1152.jpg 1536w, https:\/\/cpsantocristodesantiago.catedu.es\/wp-content\/uploads\/sites\/180\/2022\/03\/IMG-20220330-WA0014-847x635.jpg 847w\" sizes=\"auto, (max-width: 2000px) 100vw, 2000px\" \/><\/figure>\n<\/figure>\n\n\n\n<div class=\"boxHome\" style=\"width: 100%; height: 314px;\">\n<p><a href=\"https:\/\/cpsantocristodesantiago.catedu.es\/wp-content\/uploads\/sites\/180\/2024\/11\/PHOTO-2023-10-27-14-22-12.jpg\"><img loading=\"lazy\" decoding=\"async\" class=\"alignnone  wp-image-934\" src=\"https:\/\/cpsantocristodesantiago.catedu.es\/wp-content\/uploads\/sites\/180\/2024\/11\/PHOTO-2023-10-27-14-22-12-300x225.jpg\" alt=\"\" width=\"415\" height=\"311\" srcset=\"https:\/\/cpsantocristodesantiago.catedu.es\/wp-content\/uploads\/sites\/180\/2024\/11\/PHOTO-2023-10-27-14-22-12-300x225.jpg 300w, https:\/\/cpsantocristodesantiago.catedu.es\/wp-content\/uploads\/sites\/180\/2024\/11\/PHOTO-2023-10-27-14-22-12-1024x768.jpg 1024w, https:\/\/cpsantocristodesantiago.catedu.es\/wp-content\/uploads\/sites\/180\/2024\/11\/PHOTO-2023-10-27-14-22-12-768x576.jpg 768w, https:\/\/cpsantocristodesantiago.catedu.es\/wp-content\/uploads\/sites\/180\/2024\/11\/PHOTO-2023-10-27-14-22-12-1536x1152.jpg 1536w, https:\/\/cpsantocristodesantiago.catedu.es\/wp-content\/uploads\/sites\/180\/2024\/11\/PHOTO-2023-10-27-14-22-12-847x635.jpg 847w, https:\/\/cpsantocristodesantiago.catedu.es\/wp-content\/uploads\/sites\/180\/2024\/11\/PHOTO-2023-10-27-14-22-12.jpg 2048w\" sizes=\"auto, (max-width: 415px) 100vw, 415px\" \/><\/a><a href=\"https:\/\/cpsantocristodesantiago.catedu.es\/wp-content\/uploads\/sites\/180\/2024\/11\/PHOTO-2024-11-21-16-14-02.jpg\"><img loading=\"lazy\" decoding=\"async\" class=\"alignnone  wp-image-935\" src=\"https:\/\/cpsantocristodesantiago.catedu.es\/wp-content\/uploads\/sites\/180\/2024\/11\/PHOTO-2024-11-21-16-14-02-300x225.jpg\" alt=\"\" width=\"419\" height=\"314\" srcset=\"https:\/\/cpsantocristodesantiago.catedu.es\/wp-content\/uploads\/sites\/180\/2024\/11\/PHOTO-2024-11-21-16-14-02-300x225.jpg 300w, https:\/\/cpsantocristodesantiago.catedu.es\/wp-content\/uploads\/sites\/180\/2024\/11\/PHOTO-2024-11-21-16-14-02-1024x768.jpg 1024w, https:\/\/cpsantocristodesantiago.catedu.es\/wp-content\/uploads\/sites\/180\/2024\/11\/PHOTO-2024-11-21-16-14-02-768x576.jpg 768w, https:\/\/cpsantocristodesantiago.catedu.es\/wp-content\/uploads\/sites\/180\/2024\/11\/PHOTO-2024-11-21-16-14-02-1536x1152.jpg 1536w, https:\/\/cpsantocristodesantiago.catedu.es\/wp-content\/uploads\/sites\/180\/2024\/11\/PHOTO-2024-11-21-16-14-02-847x635.jpg 847w, https:\/\/cpsantocristodesantiago.catedu.es\/wp-content\/uploads\/sites\/180\/2024\/11\/PHOTO-2024-11-21-16-14-02.jpg 1600w\" sizes=\"auto, (max-width: 419px) 100vw, 419px\" \/><\/a><\/p>\n<\/div>\n<p><a href=\"https:\/\/cpsantocristodesantiago.catedu.es\/wp-content\/uploads\/sites\/180\/2024\/11\/49ade5d3-3fc2-4416-917a-a1b4e10dc8f1.jpeg\"><img loading=\"lazy\" decoding=\"async\" class=\"alignnone size-medium wp-image-938\" src=\"https:\/\/cpsantocristodesantiago.catedu.es\/wp-content\/uploads\/sites\/180\/2024\/11\/49ade5d3-3fc2-4416-917a-a1b4e10dc8f1-225x300.jpeg\" alt=\"\" width=\"225\" height=\"300\" srcset=\"https:\/\/cpsantocristodesantiago.catedu.es\/wp-content\/uploads\/sites\/180\/2024\/11\/49ade5d3-3fc2-4416-917a-a1b4e10dc8f1-225x300.jpeg 225w, https:\/\/cpsantocristodesantiago.catedu.es\/wp-content\/uploads\/sites\/180\/2024\/11\/49ade5d3-3fc2-4416-917a-a1b4e10dc8f1-768x1024.jpeg 768w, https:\/\/cpsantocristodesantiago.catedu.es\/wp-content\/uploads\/sites\/180\/2024\/11\/49ade5d3-3fc2-4416-917a-a1b4e10dc8f1-1152x1536.jpeg 1152w, https:\/\/cpsantocristodesantiago.catedu.es\/wp-content\/uploads\/sites\/180\/2024\/11\/49ade5d3-3fc2-4416-917a-a1b4e10dc8f1-847x1129.jpeg 847w, https:\/\/cpsantocristodesantiago.catedu.es\/wp-content\/uploads\/sites\/180\/2024\/11\/49ade5d3-3fc2-4416-917a-a1b4e10dc8f1.jpeg 1536w\" sizes=\"auto, (max-width: 225px) 100vw, 225px\" \/><\/a> <a href=\"https:\/\/cpsantocristodesantiago.catedu.es\/wp-content\/uploads\/sites\/180\/2024\/11\/0e4f9883-ebb3-4e7f-ba0e-02f0ce57ceb6.jpeg\"><img loading=\"lazy\" decoding=\"async\" class=\"alignnone size-medium wp-image-940\" src=\"https:\/\/cpsantocristodesantiago.catedu.es\/wp-content\/uploads\/sites\/180\/2024\/11\/0e4f9883-ebb3-4e7f-ba0e-02f0ce57ceb6-300x225.jpeg\" alt=\"\" width=\"300\" height=\"225\" srcset=\"https:\/\/cpsantocristodesantiago.catedu.es\/wp-content\/uploads\/sites\/180\/2024\/11\/0e4f9883-ebb3-4e7f-ba0e-02f0ce57ceb6-300x225.jpeg 300w, https:\/\/cpsantocristodesantiago.catedu.es\/wp-content\/uploads\/sites\/180\/2024\/11\/0e4f9883-ebb3-4e7f-ba0e-02f0ce57ceb6-1024x768.jpeg 1024w, https:\/\/cpsantocristodesantiago.catedu.es\/wp-content\/uploads\/sites\/180\/2024\/11\/0e4f9883-ebb3-4e7f-ba0e-02f0ce57ceb6-768x576.jpeg 768w, https:\/\/cpsantocristodesantiago.catedu.es\/wp-content\/uploads\/sites\/180\/2024\/11\/0e4f9883-ebb3-4e7f-ba0e-02f0ce57ceb6-1536x1152.jpeg 1536w, https:\/\/cpsantocristodesantiago.catedu.es\/wp-content\/uploads\/sites\/180\/2024\/11\/0e4f9883-ebb3-4e7f-ba0e-02f0ce57ceb6-847x635.jpeg 847w, https:\/\/cpsantocristodesantiago.catedu.es\/wp-content\/uploads\/sites\/180\/2024\/11\/0e4f9883-ebb3-4e7f-ba0e-02f0ce57ceb6.jpeg 2048w\" sizes=\"auto, (max-width: 300px) 100vw, 300px\" \/><\/a> <a href=\"https:\/\/cpsantocristodesantiago.catedu.es\/wp-content\/uploads\/sites\/180\/2024\/11\/3b0444e0-e4ee-48ea-a1e1-7197330922ba.jpeg\"><img loading=\"lazy\" decoding=\"async\" class=\"alignnone size-medium wp-image-941\" src=\"https:\/\/cpsantocristodesantiago.catedu.es\/wp-content\/uploads\/sites\/180\/2024\/11\/3b0444e0-e4ee-48ea-a1e1-7197330922ba-300x225.jpeg\" alt=\"\" width=\"300\" height=\"225\" srcset=\"https:\/\/cpsantocristodesantiago.catedu.es\/wp-content\/uploads\/sites\/180\/2024\/11\/3b0444e0-e4ee-48ea-a1e1-7197330922ba-300x225.jpeg 300w, https:\/\/cpsantocristodesantiago.catedu.es\/wp-content\/uploads\/sites\/180\/2024\/11\/3b0444e0-e4ee-48ea-a1e1-7197330922ba-1024x768.jpeg 1024w, https:\/\/cpsantocristodesantiago.catedu.es\/wp-content\/uploads\/sites\/180\/2024\/11\/3b0444e0-e4ee-48ea-a1e1-7197330922ba-768x576.jpeg 768w, https:\/\/cpsantocristodesantiago.catedu.es\/wp-content\/uploads\/sites\/180\/2024\/11\/3b0444e0-e4ee-48ea-a1e1-7197330922ba-1536x1152.jpeg 1536w, https:\/\/cpsantocristodesantiago.catedu.es\/wp-content\/uploads\/sites\/180\/2024\/11\/3b0444e0-e4ee-48ea-a1e1-7197330922ba-847x635.jpeg 847w, https:\/\/cpsantocristodesantiago.catedu.es\/wp-content\/uploads\/sites\/180\/2024\/11\/3b0444e0-e4ee-48ea-a1e1-7197330922ba.jpeg 2048w\" sizes=\"auto, (max-width: 300px) 100vw, 300px\" \/><\/a><\/p>\n<p>\u00a0<\/p>\n<div class=\"boxHome\" style=\"width: 100%; height: 314px;\">\n<p style=\"text-align: center;\"><span style=\"color: #993300;\"><span style=\"font-family: times new roman,times;\"><span style=\"font-size: 14pt;\"><strong>C.E.I.P: SANTO CRISTO DE SANTIAGO\u00a0\u00a0\u00a0 (CARI\u00d1ENA)<\/strong><\/span><\/span><\/span><span style=\"font-size: 14pt;\"><strong><br \/><\/strong><\/span><\/p>\n<p style=\"text-align: center;\"><span style=\"font-size: 14pt;\"><strong>C\/ SAINT PIERRE D\u00b4OLER\u00d3N N\u00ba12\u00a0\u00a0<\/strong><\/span><\/p>\n<p style=\"text-align: center;\"><span style=\"font-size: 14pt;\"><strong> TLF: 976620896<\/strong><\/span><\/p>\n<p>\u00a0<\/p>\n<p style=\"text-align: center;\"><span style=\"font-size: 14pt;\"><strong>\u00bb LO QUE SE LES D\u00c9 A LOS NI\u00d1OS, LOS NI\u00d1OS DAR\u00c1N A LA SOCIEDAD\u00bb\u00a0 \u00a0 \u00a0 <\/strong><\/span><\/p>\n<p style=\"text-align: center;\">KARL MENNINGER<\/p>\n<p>\u00a0<\/p>\n<p>\u00a0<\/p>\n<\/div>\n\n\n\n<p>&nbsp;<\/p>\n<p>&nbsp;<\/p>\n<p>&nbsp;<\/p>\n<p>&nbsp;<\/p>\n<p>&nbsp;<\/p>\n<p>&nbsp;<\/p>\n\n\n\n\n\n<p><noscript>&amp;lt;a target=\u00bb_blank\u00bb style=\u00bbfont-weight: bold;font-size: 1.20em;\u00bb href=\u00bbhttp:\/\/www.aemet.es\/es\/eltiempo\/prediccion\/municipios\/carinena-id50073&#8243;&amp;gt;El Tiempo. Consulte la predicci\u009dn de la AEMET para Cari\u009dena&amp;lt;\/a&amp;gt;<\/noscript><\/p>\n\n\n","protected":false},"excerpt":{"rendered":"<p>\u00a0 C.E.I.P: SANTO CRISTO DE SANTIAGO\u00a0\u00a0\u00a0 (CARI\u00d1ENA) C\/ SAINT PIERRE D\u00b4OLER\u00d3N N\u00ba12\u00a0\u00a0 TLF: 976620896 \u00a0 \u00bb LO QUE SE LES D\u00c9 A LOS NI\u00d1OS, LOS NI\u00d1OS DAR\u00c1N A LA SOCIEDAD\u00bb\u00a0 \u00a0 \u00a0 KARL MENNINGER \u00a0 \u00a0 &nbsp; &nbsp; &nbsp; &nbsp; &nbsp; &nbsp; &amp;lt;a target=\u00bb_blank\u00bb style=\u00bbfont-weight: bold;font-size: 1.20em;\u00bb href=\u00bbhttp:\/\/www.aemet.es\/es\/eltiempo\/prediccion\/municipios\/carinena-id50073&#8243;&amp;gt;El Tiempo. Consulte la predicci\u009dn de la AEMET &hellip; <\/p>\n<p><a class=\"more-link btn\" href=\"https:\/\/cpsantocristodesantiago.catedu.es\/\">Seguir leyendo<\/a><\/p>\n","protected":false},"author":603,"featured_media":0,"parent":0,"menu_order":0,"comment_status":"closed","ping_status":"closed","template":"","meta":{"_monsterinsights_skip_tracking":false,"_monsterinsights_sitenote_active":false,"_monsterinsights_sitenote_note":"","_monsterinsights_sitenote_category":0,"footnotes":""},"class_list":["post-17","page","type-page","status-publish","hentry","nodate","item-wrap"],"_links":{"self":[{"href":"https:\/\/cpsantocristodesantiago.catedu.es\/index.php?rest_route=\/wp\/v2\/pages\/17","targetHints":{"allow":["GET"]}}],"collection":[{"href":"https:\/\/cpsantocristodesantiago.catedu.es\/index.php?rest_route=\/wp\/v2\/pages"}],"about":[{"href":"https:\/\/cpsantocristodesantiago.catedu.es\/index.php?rest_route=\/wp\/v2\/types\/page"}],"author":[{"embeddable":true,"href":"https:\/\/cpsantocristodesantiago.catedu.es\/index.php?rest_route=\/wp\/v2\/users\/603"}],"replies":[{"embeddable":true,"href":"https:\/\/cpsantocristodesantiago.catedu.es\/index.php?rest_route=%2Fwp%2Fv2%2Fcomments&post=17"}],"version-history":[{"count":14,"href":"https:\/\/cpsantocristodesantiago.catedu.es\/index.php?rest_route=\/wp\/v2\/pages\/17\/revisions"}],"predecessor-version":[{"id":950,"href":"https:\/\/cpsantocristodesantiago.catedu.es\/index.php?rest_route=\/wp\/v2\/pages\/17\/revisions\/950"}],"wp:attachment":[{"href":"https:\/\/cpsantocristodesantiago.catedu.es\/index.php?rest_route=%2Fwp%2Fv2%2Fmedia&parent=17"}],"curies":[{"name":"wp","href":"https:\/\/api.w.org\/{rel}","templated":true}]}}