{"id":1241,"date":"2026-02-18T14:48:53","date_gmt":"2026-02-18T13:48:53","guid":{"rendered":"https:\/\/cpsantocristodesantiago.catedu.es\/?page_id=1241"},"modified":"2026-02-18T14:48:54","modified_gmt":"2026-02-18T13:48:54","slug":"ayuntamiento-de-carinena","status":"publish","type":"page","link":"https:\/\/cpsantocristodesantiago.catedu.es\/?page_id=1241","title":{"rendered":"Ayuntamiento de Cari\u00f1ena"},"content":{"rendered":"\n<p><img decoding=\"async\" src=\"https:\/\/carinena.es\/wp-content\/uploads\/2018\/01\/Ayuntamiento-de-Cari%C3%B1ena-900x600-167.jpg\" alt=\"El Ayuntamiento de Cari\u00f1ena aprueba su oferta de empleo p\u00fablico para 2021 |  Ayuntamiento de Cari\u00f1ena\" \/><\/p>\n<p><a href=\"https:\/\/carinena.es\/\">WEB AYUNTAMIENTO DE CARI\u00d1ENA<\/a><\/p>\n<p>\u00a0<\/p>\n","protected":false},"excerpt":{"rendered":"<p>WEB AYUNTAMIENTO DE CARI\u00d1ENA \u00a0<\/p>\n","protected":false},"author":940,"featured_media":0,"parent":0,"menu_order":0,"comment_status":"closed","ping_status":"closed","template":"","meta":{"_monsterinsights_skip_tracking":false,"_monsterinsights_sitenote_active":false,"_monsterinsights_sitenote_note":"","_monsterinsights_sitenote_category":0,"footnotes":""},"class_list":["post-1241","page","type-page","status-publish","hentry","nodate","item-wrap"],"_links":{"self":[{"href":"https:\/\/cpsantocristodesantiago.catedu.es\/index.php?rest_route=\/wp\/v2\/pages\/1241","targetHints":{"allow":["GET"]}}],"collection":[{"href":"https:\/\/cpsantocristodesantiago.catedu.es\/index.php?rest_route=\/wp\/v2\/pages"}],"about":[{"href":"https:\/\/cpsantocristodesantiago.catedu.es\/index.php?rest_route=\/wp\/v2\/types\/page"}],"author":[{"embeddable":true,"href":"https:\/\/cpsantocristodesantiago.catedu.es\/index.php?rest_route=\/wp\/v2\/users\/940"}],"replies":[{"embeddable":true,"href":"https:\/\/cpsantocristodesantiago.catedu.es\/index.php?rest_route=%2Fwp%2Fv2%2Fcomments&post=1241"}],"version-history":[{"count":1,"href":"https:\/\/cpsantocristodesantiago.catedu.es\/index.php?rest_route=\/wp\/v2\/pages\/1241\/revisions"}],"predecessor-version":[{"id":1242,"href":"https:\/\/cpsantocristodesantiago.catedu.es\/index.php?rest_route=\/wp\/v2\/pages\/1241\/revisions\/1242"}],"wp:attachment":[{"href":"https:\/\/cpsantocristodesantiago.catedu.es\/index.php?rest_route=%2Fwp%2Fv2%2Fmedia&parent=1241"}],"curies":[{"name":"wp","href":"https:\/\/api.w.org\/{rel}","templated":true}]}}